{"id":1350,"date":"2026-03-04T06:53:44","date_gmt":"2026-03-04T05:53:44","guid":{"rendered":"https:\/\/buntwerkstatt.at\/shop\/?post_type=product&#038;p=1350"},"modified":"2026-03-04T22:18:54","modified_gmt":"2026-03-04T21:18:54","slug":"keramik-anhaenger-gross-spirale-dunkelblau","status":"publish","type":"product","link":"https:\/\/buntwerkstatt.at\/shop\/produkt\/keramik-anhaenger-gross-spirale-dunkelblau\/","title":{"rendered":"Keramik Anh\u00e4nger Gro\u00df &#8211; Spirale Dunkelblau"},"content":{"rendered":"<p>1 gro\u00dfer Anh\u00e4nger aus Keramik, handgefertigt&nbsp;<\/p>\n<p>Jeder Anh\u00e4nger wurde in liebevoller Handarbeit gefertigt und mehrfach im Keramik Ofen gebrannt. Die dabei entstehenden Glasureffekte sind immer ein wenig unberechenbar und sorgen daf\u00fcr, dass es sich bei jedem Teil um ein Einzelst\u00fcck handelt.&nbsp;<\/p>\n<ul>\n<li>Gr\u00f6\u00dfe: der Durchmesser des Anh\u00e4ngers betr\u00e4gt etwa 6cm<\/li>\n<li>Die Gesamtl\u00e4nge der Kette betr\u00e4gt ca 45cm + 5 cm Verl\u00e4ngerung<\/li>\n<li>Material: glasierte Keramik, gewachste Baumwollkordel<\/li>\n<\/ul>\n<p>&nbsp;<\/p>\n<p><strong>Versand:<\/strong><br \/>\nWir verschicken unsere Produkte weltweit.<\/p>\n<p>Die durchschnittliche Lieferzeit betr\u00e4gt:<\/p>\n<p>* Innerhalb \u00d6sterreichs: 2 &#8211; 3 Werktage<br \/>\n* Innerhalb Europas: 3 &#8211; 8 Werktage<br \/>\n* USA, Australien &amp; Kanada: 4 &#8211; 14 Werktage<\/p>\n","protected":false},"excerpt":{"rendered":"<p>1 gro\u00dfer Anh\u00e4nger aus Keramik, handgefertigt&nbsp; Jeder Anh\u00e4nger wurde in liebevoller Handarbeit gefertigt und mehrfach im Keramik Ofen gebrannt. Die dabei entstehenden Glasureffekte sind immer ein wenig unberechenbar und sorgen daf\u00fcr, dass es sich bei jedem Teil um ein Einzelst\u00fcck handelt.&nbsp; Gr\u00f6\u00dfe: der Durchmesser des Anh\u00e4ngers betr\u00e4gt etwa 6cm Die Gesamtl\u00e4nge der Kette betr\u00e4gt ca [&hellip;]<\/p>\n","protected":false},"featured_media":1330,"comment_status":"open","ping_status":"closed","template":"","meta":{"ngg_post_thumbnail":0,"jetpack_publicize_message":"","jetpack_publicize_feature_enabled":true,"jetpack_social_post_already_shared":true,"jetpack_social_options":{"image_generator_settings":{"template":"highway","default_image_id":0,"font":"","enabled":false},"version":2}},"product_brand":[],"product_cat":[105,103,136],"product_tag":[96,112,130,58,97,84],"class_list":{"0":"post-1350","1":"product","2":"type-product","3":"status-publish","4":"has-post-thumbnail","6":"product_cat-ketten-anhaenger","7":"product_cat-schmuck","8":"product_cat-spiralen-anhaenger","9":"product_tag-anhaenger","10":"product_tag-blau","11":"product_tag-dunkelblau","12":"product_tag-keramik","13":"product_tag-kette","14":"product_tag-spirale","15":"product_shipping_class-keramik","17":"first","18":"instock","19":"shipping-taxable","20":"purchasable","21":"product-type-simple"},"yoast_head":"<!-- This site is optimized with the Yoast SEO plugin v27.4 - https:\/\/yoast.com\/product\/yoast-seo-wordpress\/ -->\n<title>Keramik Anh\u00e4nger Gro\u00df - Spirale Dunkelblau - Buntwerkstatt Shop<\/title>\n<meta name=\"description\" content=\"Keramik Anh\u00e4nger Spirale Blau\" \/>\n<meta name=\"robots\" content=\"index, follow, max-snippet:-1, max-image-preview:large, max-video-preview:-1\" \/>\n<link rel=\"canonical\" href=\"https:\/\/buntwerkstatt.at\/shop\/produkt\/keramik-anhaenger-gross-spirale-dunkelblau\/\" \/>\n<meta property=\"og:locale\" content=\"de_DE\" \/>\n<meta property=\"og:type\" content=\"article\" \/>\n<meta property=\"og:title\" content=\"Keramik Anh\u00e4nger Gro\u00df - Spirale Dunkelblau - Buntwerkstatt Shop\" \/>\n<meta property=\"og:description\" content=\"Keramik Anh\u00e4nger Spirale Blau\" \/>\n<meta property=\"og:url\" content=\"https:\/\/buntwerkstatt.at\/shop\/produkt\/keramik-anhaenger-gross-spirale-dunkelblau\/\" \/>\n<meta property=\"og:site_name\" content=\"Buntwerkstatt Shop\" \/>\n<meta property=\"article:modified_time\" content=\"2026-03-04T21:18:54+00:00\" \/>\n<meta property=\"og:image\" content=\"https:\/\/buntwerkstatt.at\/shop\/wp-content\/uploads\/sites\/3\/2026\/03\/keramik-spirale-kette-ASG05_01.jpg\" \/>\n\t<meta property=\"og:image:width\" content=\"2000\" \/>\n\t<meta property=\"og:image:height\" content=\"1333\" \/>\n\t<meta property=\"og:image:type\" content=\"image\/jpeg\" \/>\n<meta name=\"twitter:card\" content=\"summary_large_image\" \/>\n<meta name=\"twitter:label1\" content=\"Gesch\u00e4tzte Lesezeit\" \/>\n\t<meta name=\"twitter:data1\" content=\"1\u00a0Minute\" \/>\n<script type=\"application\/ld+json\" class=\"yoast-schema-graph\">{\"@context\":\"https:\\\/\\\/schema.org\",\"@graph\":[{\"@type\":\"WebPage\",\"@id\":\"https:\\\/\\\/buntwerkstatt.at\\\/shop\\\/produkt\\\/keramik-anhaenger-gross-spirale-dunkelblau\\\/\",\"url\":\"https:\\\/\\\/buntwerkstatt.at\\\/shop\\\/produkt\\\/keramik-anhaenger-gross-spirale-dunkelblau\\\/\",\"name\":\"Keramik Anh\u00e4nger Gro\u00df - Spirale Dunkelblau - Buntwerkstatt Shop\",\"isPartOf\":{\"@id\":\"https:\\\/\\\/buntwerkstatt.at\\\/shop\\\/#website\"},\"primaryImageOfPage\":{\"@id\":\"https:\\\/\\\/buntwerkstatt.at\\\/shop\\\/produkt\\\/keramik-anhaenger-gross-spirale-dunkelblau\\\/#primaryimage\"},\"image\":{\"@id\":\"https:\\\/\\\/buntwerkstatt.at\\\/shop\\\/produkt\\\/keramik-anhaenger-gross-spirale-dunkelblau\\\/#primaryimage\"},\"thumbnailUrl\":\"https:\\\/\\\/buntwerkstatt.at\\\/shop\\\/wp-content\\\/uploads\\\/sites\\\/3\\\/2026\\\/03\\\/keramik-spirale-kette-ASG05_01.jpg\",\"datePublished\":\"2026-03-04T05:53:44+00:00\",\"dateModified\":\"2026-03-04T21:18:54+00:00\",\"description\":\"Keramik Anh\u00e4nger Spirale Blau\",\"breadcrumb\":{\"@id\":\"https:\\\/\\\/buntwerkstatt.at\\\/shop\\\/produkt\\\/keramik-anhaenger-gross-spirale-dunkelblau\\\/#breadcrumb\"},\"inLanguage\":\"de\",\"potentialAction\":[{\"@type\":\"ReadAction\",\"target\":[\"https:\\\/\\\/buntwerkstatt.at\\\/shop\\\/produkt\\\/keramik-anhaenger-gross-spirale-dunkelblau\\\/\"]}]},{\"@type\":\"ImageObject\",\"inLanguage\":\"de\",\"@id\":\"https:\\\/\\\/buntwerkstatt.at\\\/shop\\\/produkt\\\/keramik-anhaenger-gross-spirale-dunkelblau\\\/#primaryimage\",\"url\":\"https:\\\/\\\/buntwerkstatt.at\\\/shop\\\/wp-content\\\/uploads\\\/sites\\\/3\\\/2026\\\/03\\\/keramik-spirale-kette-ASG05_01.jpg\",\"contentUrl\":\"https:\\\/\\\/buntwerkstatt.at\\\/shop\\\/wp-content\\\/uploads\\\/sites\\\/3\\\/2026\\\/03\\\/keramik-spirale-kette-ASG05_01.jpg\",\"width\":2000,\"height\":1333,\"caption\":\"Keramik Anh\u00e4nger Spirale Blau\"},{\"@type\":\"BreadcrumbList\",\"@id\":\"https:\\\/\\\/buntwerkstatt.at\\\/shop\\\/produkt\\\/keramik-anhaenger-gross-spirale-dunkelblau\\\/#breadcrumb\",\"itemListElement\":[{\"@type\":\"ListItem\",\"position\":1,\"name\":\"Startseite\",\"item\":\"https:\\\/\\\/buntwerkstatt.at\\\/shop\\\/\"},{\"@type\":\"ListItem\",\"position\":2,\"name\":\"Shop\",\"item\":\"https:\\\/\\\/buntwerkstatt.at\\\/shop\\\/\"},{\"@type\":\"ListItem\",\"position\":3,\"name\":\"Keramik Anh\u00e4nger Gro\u00df &#8211; Spirale Dunkelblau\"}]},{\"@type\":\"WebSite\",\"@id\":\"https:\\\/\\\/buntwerkstatt.at\\\/shop\\\/#website\",\"url\":\"https:\\\/\\\/buntwerkstatt.at\\\/shop\\\/\",\"name\":\"Buntwerkstatt Shop\",\"description\":\"\",\"publisher\":{\"@id\":\"https:\\\/\\\/buntwerkstatt.at\\\/shop\\\/#\\\/schema\\\/person\\\/1bf875429c57b7631a6747a7760361ad\"},\"potentialAction\":[{\"@type\":\"SearchAction\",\"target\":{\"@type\":\"EntryPoint\",\"urlTemplate\":\"https:\\\/\\\/buntwerkstatt.at\\\/shop\\\/?s={search_term_string}\"},\"query-input\":{\"@type\":\"PropertyValueSpecification\",\"valueRequired\":true,\"valueName\":\"search_term_string\"}}],\"inLanguage\":\"de\"},{\"@type\":[\"Person\",\"Organization\"],\"@id\":\"https:\\\/\\\/buntwerkstatt.at\\\/shop\\\/#\\\/schema\\\/person\\\/1bf875429c57b7631a6747a7760361ad\",\"name\":\"Buntwerkstatt\",\"image\":{\"@type\":\"ImageObject\",\"inLanguage\":\"de\",\"@id\":\"https:\\\/\\\/buntwerkstatt.at\\\/shop\\\/wp-content\\\/uploads\\\/sites\\\/3\\\/2024\\\/02\\\/Buntwerkstatt_Shop_Icon.png\",\"url\":\"https:\\\/\\\/buntwerkstatt.at\\\/shop\\\/wp-content\\\/uploads\\\/sites\\\/3\\\/2024\\\/02\\\/Buntwerkstatt_Shop_Icon.png\",\"contentUrl\":\"https:\\\/\\\/buntwerkstatt.at\\\/shop\\\/wp-content\\\/uploads\\\/sites\\\/3\\\/2024\\\/02\\\/Buntwerkstatt_Shop_Icon.png\",\"width\":400,\"height\":395,\"caption\":\"Buntwerkstatt\"},\"logo\":{\"@id\":\"https:\\\/\\\/buntwerkstatt.at\\\/shop\\\/wp-content\\\/uploads\\\/sites\\\/3\\\/2024\\\/02\\\/Buntwerkstatt_Shop_Icon.png\"},\"sameAs\":[\"https:\\\/\\\/buntwerkstatt.at\"]}]}<\/script>\n<!-- \/ Yoast SEO plugin. -->","yoast_head_json":{"title":"Keramik Anh\u00e4nger Gro\u00df - Spirale Dunkelblau - Buntwerkstatt Shop","description":"Keramik Anh\u00e4nger Spirale Blau","robots":{"index":"index","follow":"follow","max-snippet":"max-snippet:-1","max-image-preview":"max-image-preview:large","max-video-preview":"max-video-preview:-1"},"canonical":"https:\/\/buntwerkstatt.at\/shop\/produkt\/keramik-anhaenger-gross-spirale-dunkelblau\/","og_locale":"de_DE","og_type":"article","og_title":"Keramik Anh\u00e4nger Gro\u00df - Spirale Dunkelblau - Buntwerkstatt Shop","og_description":"Keramik Anh\u00e4nger Spirale Blau","og_url":"https:\/\/buntwerkstatt.at\/shop\/produkt\/keramik-anhaenger-gross-spirale-dunkelblau\/","og_site_name":"Buntwerkstatt Shop","article_modified_time":"2026-03-04T21:18:54+00:00","og_image":[{"width":2000,"height":1333,"url":"https:\/\/buntwerkstatt.at\/shop\/wp-content\/uploads\/sites\/3\/2026\/03\/keramik-spirale-kette-ASG05_01.jpg","type":"image\/jpeg"}],"twitter_card":"summary_large_image","twitter_misc":{"Gesch\u00e4tzte Lesezeit":"1\u00a0Minute"},"schema":{"@context":"https:\/\/schema.org","@graph":[{"@type":"WebPage","@id":"https:\/\/buntwerkstatt.at\/shop\/produkt\/keramik-anhaenger-gross-spirale-dunkelblau\/","url":"https:\/\/buntwerkstatt.at\/shop\/produkt\/keramik-anhaenger-gross-spirale-dunkelblau\/","name":"Keramik Anh\u00e4nger Gro\u00df - Spirale Dunkelblau - Buntwerkstatt Shop","isPartOf":{"@id":"https:\/\/buntwerkstatt.at\/shop\/#website"},"primaryImageOfPage":{"@id":"https:\/\/buntwerkstatt.at\/shop\/produkt\/keramik-anhaenger-gross-spirale-dunkelblau\/#primaryimage"},"image":{"@id":"https:\/\/buntwerkstatt.at\/shop\/produkt\/keramik-anhaenger-gross-spirale-dunkelblau\/#primaryimage"},"thumbnailUrl":"https:\/\/buntwerkstatt.at\/shop\/wp-content\/uploads\/sites\/3\/2026\/03\/keramik-spirale-kette-ASG05_01.jpg","datePublished":"2026-03-04T05:53:44+00:00","dateModified":"2026-03-04T21:18:54+00:00","description":"Keramik Anh\u00e4nger Spirale Blau","breadcrumb":{"@id":"https:\/\/buntwerkstatt.at\/shop\/produkt\/keramik-anhaenger-gross-spirale-dunkelblau\/#breadcrumb"},"inLanguage":"de","potentialAction":[{"@type":"ReadAction","target":["https:\/\/buntwerkstatt.at\/shop\/produkt\/keramik-anhaenger-gross-spirale-dunkelblau\/"]}]},{"@type":"ImageObject","inLanguage":"de","@id":"https:\/\/buntwerkstatt.at\/shop\/produkt\/keramik-anhaenger-gross-spirale-dunkelblau\/#primaryimage","url":"https:\/\/buntwerkstatt.at\/shop\/wp-content\/uploads\/sites\/3\/2026\/03\/keramik-spirale-kette-ASG05_01.jpg","contentUrl":"https:\/\/buntwerkstatt.at\/shop\/wp-content\/uploads\/sites\/3\/2026\/03\/keramik-spirale-kette-ASG05_01.jpg","width":2000,"height":1333,"caption":"Keramik Anh\u00e4nger Spirale Blau"},{"@type":"BreadcrumbList","@id":"https:\/\/buntwerkstatt.at\/shop\/produkt\/keramik-anhaenger-gross-spirale-dunkelblau\/#breadcrumb","itemListElement":[{"@type":"ListItem","position":1,"name":"Startseite","item":"https:\/\/buntwerkstatt.at\/shop\/"},{"@type":"ListItem","position":2,"name":"Shop","item":"https:\/\/buntwerkstatt.at\/shop\/"},{"@type":"ListItem","position":3,"name":"Keramik Anh\u00e4nger Gro\u00df &#8211; Spirale Dunkelblau"}]},{"@type":"WebSite","@id":"https:\/\/buntwerkstatt.at\/shop\/#website","url":"https:\/\/buntwerkstatt.at\/shop\/","name":"Buntwerkstatt Shop","description":"","publisher":{"@id":"https:\/\/buntwerkstatt.at\/shop\/#\/schema\/person\/1bf875429c57b7631a6747a7760361ad"},"potentialAction":[{"@type":"SearchAction","target":{"@type":"EntryPoint","urlTemplate":"https:\/\/buntwerkstatt.at\/shop\/?s={search_term_string}"},"query-input":{"@type":"PropertyValueSpecification","valueRequired":true,"valueName":"search_term_string"}}],"inLanguage":"de"},{"@type":["Person","Organization"],"@id":"https:\/\/buntwerkstatt.at\/shop\/#\/schema\/person\/1bf875429c57b7631a6747a7760361ad","name":"Buntwerkstatt","image":{"@type":"ImageObject","inLanguage":"de","@id":"https:\/\/buntwerkstatt.at\/shop\/wp-content\/uploads\/sites\/3\/2024\/02\/Buntwerkstatt_Shop_Icon.png","url":"https:\/\/buntwerkstatt.at\/shop\/wp-content\/uploads\/sites\/3\/2024\/02\/Buntwerkstatt_Shop_Icon.png","contentUrl":"https:\/\/buntwerkstatt.at\/shop\/wp-content\/uploads\/sites\/3\/2024\/02\/Buntwerkstatt_Shop_Icon.png","width":400,"height":395,"caption":"Buntwerkstatt"},"logo":{"@id":"https:\/\/buntwerkstatt.at\/shop\/wp-content\/uploads\/sites\/3\/2024\/02\/Buntwerkstatt_Shop_Icon.png"},"sameAs":["https:\/\/buntwerkstatt.at"]}]}},"jetpack_publicize_connections":[],"jetpack_sharing_enabled":true,"_links":{"self":[{"href":"https:\/\/buntwerkstatt.at\/shop\/wp-json\/wp\/v2\/product\/1350","targetHints":{"allow":["GET"]}}],"collection":[{"href":"https:\/\/buntwerkstatt.at\/shop\/wp-json\/wp\/v2\/product"}],"about":[{"href":"https:\/\/buntwerkstatt.at\/shop\/wp-json\/wp\/v2\/types\/product"}],"replies":[{"embeddable":true,"href":"https:\/\/buntwerkstatt.at\/shop\/wp-json\/wp\/v2\/comments?post=1350"}],"wp:featuredmedia":[{"embeddable":true,"href":"https:\/\/buntwerkstatt.at\/shop\/wp-json\/wp\/v2\/media\/1330"}],"wp:attachment":[{"href":"https:\/\/buntwerkstatt.at\/shop\/wp-json\/wp\/v2\/media?parent=1350"}],"wp:term":[{"taxonomy":"product_brand","embeddable":true,"href":"https:\/\/buntwerkstatt.at\/shop\/wp-json\/wp\/v2\/product_brand?post=1350"},{"taxonomy":"product_cat","embeddable":true,"href":"https:\/\/buntwerkstatt.at\/shop\/wp-json\/wp\/v2\/product_cat?post=1350"},{"taxonomy":"product_tag","embeddable":true,"href":"https:\/\/buntwerkstatt.at\/shop\/wp-json\/wp\/v2\/product_tag?post=1350"}],"curies":[{"name":"wp","href":"https:\/\/api.w.org\/{rel}","templated":true}]}}