{"id":1210,"date":"2026-03-03T07:11:39","date_gmt":"2026-03-03T06:11:39","guid":{"rendered":"https:\/\/buntwerkstatt.at\/shop\/?post_type=product&#038;p=1210"},"modified":"2026-03-03T07:14:09","modified_gmt":"2026-03-03T06:14:09","slug":"keramik-collier-kette-meeresblau","status":"publish","type":"product","link":"https:\/\/buntwerkstatt.at\/shop\/produkt\/keramik-collier-kette-meeresblau\/","title":{"rendered":"Keramik Collier Kette &#8211; Meeresblau"},"content":{"rendered":"<p>1 Collier aus Keramik, handgefertigt<\/p>\n<p>Das Collier besteht aus einzelnen Keramikteilen, verbunden mit Spannringen und einer gewachsten Baumwollkordel.&nbsp;Jedes St\u00fcck wurde in liebevoller Handarbeit gefertigt und mehrfach im Keramik Ofen gebrannt. Die dabei entstehenden Glasureffekte sind immer ein wenig unberechenbar und sorgen daf\u00fcr, dass es sich bei jedem Teil um ein Einzelst\u00fcck handelt.&nbsp;<\/p>\n<ul>\n<li>Gr\u00f6\u00dfe: die gesamte Breite der Keramik-Teile betr\u00e4gt ca 10 &#8211; 11 cm<\/li>\n<li>Die Gesamtl\u00e4nge der Kette betr\u00e4gt ca 50cm + 5 cm Verl\u00e4ngerung<\/li>\n<li>Material: glasierte Keramik, gewachste Baumwollkordel<\/li>\n<\/ul>\n<p>&nbsp;<\/p>\n<p><strong>Versand:<\/strong><br \/>\nWir verschicken unsere Produkte weltweit.<\/p>\n<p>Die durchschnittliche Lieferzeit betr\u00e4gt:<\/p>\n<p>* Innerhalb \u00d6sterreichs: 2 &#8211; 3 Werktage<br \/>\n* Innerhalb Europas: 3 &#8211; 8 Werktage<br \/>\n* USA, Australien &amp; Kanada: 4 &#8211; 14 Werktage<\/p>\n","protected":false},"excerpt":{"rendered":"<p>1 Collier aus Keramik, handgefertigt Das Collier besteht aus einzelnen Keramikteilen, verbunden mit Spannringen und einer gewachsten Baumwollkordel.&nbsp;Jedes St\u00fcck wurde in liebevoller Handarbeit gefertigt und mehrfach im Keramik Ofen gebrannt. Die dabei entstehenden Glasureffekte sind immer ein wenig unberechenbar und sorgen daf\u00fcr, dass es sich bei jedem Teil um ein Einzelst\u00fcck handelt.&nbsp; Gr\u00f6\u00dfe: die gesamte [&hellip;]<\/p>\n","protected":false},"featured_media":1169,"comment_status":"open","ping_status":"closed","template":"","meta":{"ngg_post_thumbnail":0,"jetpack_publicize_message":"","jetpack_publicize_feature_enabled":true,"jetpack_social_post_already_shared":true,"jetpack_social_options":{"image_generator_settings":{"template":"highway","default_image_id":0,"font":"","enabled":false},"version":2}},"product_brand":[],"product_cat":[17,103],"product_tag":[112,123,58,97,127,125],"class_list":{"0":"post-1210","1":"product","2":"type-product","3":"status-publish","4":"has-post-thumbnail","6":"product_cat-colliers","7":"product_cat-schmuck","8":"product_tag-blau","9":"product_tag-collier","10":"product_tag-keramik","11":"product_tag-kette","12":"product_tag-meeresblau","13":"product_tag-tiefblau","14":"product_shipping_class-keramik","16":"first","17":"instock","18":"shipping-taxable","19":"purchasable","20":"product-type-simple"},"yoast_head":"<!-- This site is optimized with the Yoast SEO plugin v27.4 - https:\/\/yoast.com\/product\/yoast-seo-wordpress\/ -->\n<title>Keramik Collier Kette - Meeresblau - Buntwerkstatt Shop<\/title>\n<meta name=\"description\" content=\"Keramik Collier Kette Meeresblau\" \/>\n<meta name=\"robots\" content=\"index, follow, max-snippet:-1, max-image-preview:large, max-video-preview:-1\" \/>\n<link rel=\"canonical\" href=\"https:\/\/buntwerkstatt.at\/shop\/produkt\/keramik-collier-kette-meeresblau\/\" \/>\n<meta property=\"og:locale\" content=\"de_DE\" \/>\n<meta property=\"og:type\" content=\"article\" \/>\n<meta property=\"og:title\" content=\"Keramik Collier Kette - Meeresblau - Buntwerkstatt Shop\" \/>\n<meta property=\"og:description\" content=\"Keramik Collier Kette Meeresblau\" \/>\n<meta property=\"og:url\" content=\"https:\/\/buntwerkstatt.at\/shop\/produkt\/keramik-collier-kette-meeresblau\/\" \/>\n<meta property=\"og:site_name\" content=\"Buntwerkstatt Shop\" \/>\n<meta property=\"article:modified_time\" content=\"2026-03-03T06:14:09+00:00\" \/>\n<meta property=\"og:image\" content=\"https:\/\/buntwerkstatt.at\/shop\/wp-content\/uploads\/sites\/3\/2026\/03\/halskette-keramik-collier-KCUS05_02.jpg\" \/>\n\t<meta property=\"og:image:width\" content=\"2000\" \/>\n\t<meta property=\"og:image:height\" content=\"1334\" \/>\n\t<meta property=\"og:image:type\" content=\"image\/jpeg\" \/>\n<meta name=\"twitter:card\" content=\"summary_large_image\" \/>\n<meta name=\"twitter:label1\" content=\"Gesch\u00e4tzte Lesezeit\" \/>\n\t<meta name=\"twitter:data1\" content=\"1\u00a0Minute\" \/>\n<script type=\"application\/ld+json\" class=\"yoast-schema-graph\">{\"@context\":\"https:\\\/\\\/schema.org\",\"@graph\":[{\"@type\":\"WebPage\",\"@id\":\"https:\\\/\\\/buntwerkstatt.at\\\/shop\\\/produkt\\\/keramik-collier-kette-meeresblau\\\/\",\"url\":\"https:\\\/\\\/buntwerkstatt.at\\\/shop\\\/produkt\\\/keramik-collier-kette-meeresblau\\\/\",\"name\":\"Keramik Collier Kette - Meeresblau - Buntwerkstatt Shop\",\"isPartOf\":{\"@id\":\"https:\\\/\\\/buntwerkstatt.at\\\/shop\\\/#website\"},\"primaryImageOfPage\":{\"@id\":\"https:\\\/\\\/buntwerkstatt.at\\\/shop\\\/produkt\\\/keramik-collier-kette-meeresblau\\\/#primaryimage\"},\"image\":{\"@id\":\"https:\\\/\\\/buntwerkstatt.at\\\/shop\\\/produkt\\\/keramik-collier-kette-meeresblau\\\/#primaryimage\"},\"thumbnailUrl\":\"https:\\\/\\\/buntwerkstatt.at\\\/shop\\\/wp-content\\\/uploads\\\/sites\\\/3\\\/2026\\\/03\\\/halskette-keramik-collier-KCUS05_02.jpg\",\"datePublished\":\"2026-03-03T06:11:39+00:00\",\"dateModified\":\"2026-03-03T06:14:09+00:00\",\"description\":\"Keramik Collier Kette Meeresblau\",\"breadcrumb\":{\"@id\":\"https:\\\/\\\/buntwerkstatt.at\\\/shop\\\/produkt\\\/keramik-collier-kette-meeresblau\\\/#breadcrumb\"},\"inLanguage\":\"de\",\"potentialAction\":[{\"@type\":\"ReadAction\",\"target\":[\"https:\\\/\\\/buntwerkstatt.at\\\/shop\\\/produkt\\\/keramik-collier-kette-meeresblau\\\/\"]}]},{\"@type\":\"ImageObject\",\"inLanguage\":\"de\",\"@id\":\"https:\\\/\\\/buntwerkstatt.at\\\/shop\\\/produkt\\\/keramik-collier-kette-meeresblau\\\/#primaryimage\",\"url\":\"https:\\\/\\\/buntwerkstatt.at\\\/shop\\\/wp-content\\\/uploads\\\/sites\\\/3\\\/2026\\\/03\\\/halskette-keramik-collier-KCUS05_02.jpg\",\"contentUrl\":\"https:\\\/\\\/buntwerkstatt.at\\\/shop\\\/wp-content\\\/uploads\\\/sites\\\/3\\\/2026\\\/03\\\/halskette-keramik-collier-KCUS05_02.jpg\",\"width\":2000,\"height\":1334,\"caption\":\"Keramik Collier Kette Blau\"},{\"@type\":\"BreadcrumbList\",\"@id\":\"https:\\\/\\\/buntwerkstatt.at\\\/shop\\\/produkt\\\/keramik-collier-kette-meeresblau\\\/#breadcrumb\",\"itemListElement\":[{\"@type\":\"ListItem\",\"position\":1,\"name\":\"Startseite\",\"item\":\"https:\\\/\\\/buntwerkstatt.at\\\/shop\\\/\"},{\"@type\":\"ListItem\",\"position\":2,\"name\":\"Shop\",\"item\":\"https:\\\/\\\/buntwerkstatt.at\\\/shop\\\/\"},{\"@type\":\"ListItem\",\"position\":3,\"name\":\"Keramik Collier Kette &#8211; Meeresblau\"}]},{\"@type\":\"WebSite\",\"@id\":\"https:\\\/\\\/buntwerkstatt.at\\\/shop\\\/#website\",\"url\":\"https:\\\/\\\/buntwerkstatt.at\\\/shop\\\/\",\"name\":\"Buntwerkstatt Shop\",\"description\":\"\",\"publisher\":{\"@id\":\"https:\\\/\\\/buntwerkstatt.at\\\/shop\\\/#\\\/schema\\\/person\\\/1bf875429c57b7631a6747a7760361ad\"},\"potentialAction\":[{\"@type\":\"SearchAction\",\"target\":{\"@type\":\"EntryPoint\",\"urlTemplate\":\"https:\\\/\\\/buntwerkstatt.at\\\/shop\\\/?s={search_term_string}\"},\"query-input\":{\"@type\":\"PropertyValueSpecification\",\"valueRequired\":true,\"valueName\":\"search_term_string\"}}],\"inLanguage\":\"de\"},{\"@type\":[\"Person\",\"Organization\"],\"@id\":\"https:\\\/\\\/buntwerkstatt.at\\\/shop\\\/#\\\/schema\\\/person\\\/1bf875429c57b7631a6747a7760361ad\",\"name\":\"Buntwerkstatt\",\"image\":{\"@type\":\"ImageObject\",\"inLanguage\":\"de\",\"@id\":\"https:\\\/\\\/buntwerkstatt.at\\\/shop\\\/wp-content\\\/uploads\\\/sites\\\/3\\\/2024\\\/02\\\/Buntwerkstatt_Shop_Icon.png\",\"url\":\"https:\\\/\\\/buntwerkstatt.at\\\/shop\\\/wp-content\\\/uploads\\\/sites\\\/3\\\/2024\\\/02\\\/Buntwerkstatt_Shop_Icon.png\",\"contentUrl\":\"https:\\\/\\\/buntwerkstatt.at\\\/shop\\\/wp-content\\\/uploads\\\/sites\\\/3\\\/2024\\\/02\\\/Buntwerkstatt_Shop_Icon.png\",\"width\":400,\"height\":395,\"caption\":\"Buntwerkstatt\"},\"logo\":{\"@id\":\"https:\\\/\\\/buntwerkstatt.at\\\/shop\\\/wp-content\\\/uploads\\\/sites\\\/3\\\/2024\\\/02\\\/Buntwerkstatt_Shop_Icon.png\"},\"sameAs\":[\"https:\\\/\\\/buntwerkstatt.at\"]}]}<\/script>\n<!-- \/ Yoast SEO plugin. -->","yoast_head_json":{"title":"Keramik Collier Kette - Meeresblau - Buntwerkstatt Shop","description":"Keramik Collier Kette Meeresblau","robots":{"index":"index","follow":"follow","max-snippet":"max-snippet:-1","max-image-preview":"max-image-preview:large","max-video-preview":"max-video-preview:-1"},"canonical":"https:\/\/buntwerkstatt.at\/shop\/produkt\/keramik-collier-kette-meeresblau\/","og_locale":"de_DE","og_type":"article","og_title":"Keramik Collier Kette - Meeresblau - Buntwerkstatt Shop","og_description":"Keramik Collier Kette Meeresblau","og_url":"https:\/\/buntwerkstatt.at\/shop\/produkt\/keramik-collier-kette-meeresblau\/","og_site_name":"Buntwerkstatt Shop","article_modified_time":"2026-03-03T06:14:09+00:00","og_image":[{"width":2000,"height":1334,"url":"https:\/\/buntwerkstatt.at\/shop\/wp-content\/uploads\/sites\/3\/2026\/03\/halskette-keramik-collier-KCUS05_02.jpg","type":"image\/jpeg"}],"twitter_card":"summary_large_image","twitter_misc":{"Gesch\u00e4tzte Lesezeit":"1\u00a0Minute"},"schema":{"@context":"https:\/\/schema.org","@graph":[{"@type":"WebPage","@id":"https:\/\/buntwerkstatt.at\/shop\/produkt\/keramik-collier-kette-meeresblau\/","url":"https:\/\/buntwerkstatt.at\/shop\/produkt\/keramik-collier-kette-meeresblau\/","name":"Keramik Collier Kette - Meeresblau - Buntwerkstatt Shop","isPartOf":{"@id":"https:\/\/buntwerkstatt.at\/shop\/#website"},"primaryImageOfPage":{"@id":"https:\/\/buntwerkstatt.at\/shop\/produkt\/keramik-collier-kette-meeresblau\/#primaryimage"},"image":{"@id":"https:\/\/buntwerkstatt.at\/shop\/produkt\/keramik-collier-kette-meeresblau\/#primaryimage"},"thumbnailUrl":"https:\/\/buntwerkstatt.at\/shop\/wp-content\/uploads\/sites\/3\/2026\/03\/halskette-keramik-collier-KCUS05_02.jpg","datePublished":"2026-03-03T06:11:39+00:00","dateModified":"2026-03-03T06:14:09+00:00","description":"Keramik Collier Kette Meeresblau","breadcrumb":{"@id":"https:\/\/buntwerkstatt.at\/shop\/produkt\/keramik-collier-kette-meeresblau\/#breadcrumb"},"inLanguage":"de","potentialAction":[{"@type":"ReadAction","target":["https:\/\/buntwerkstatt.at\/shop\/produkt\/keramik-collier-kette-meeresblau\/"]}]},{"@type":"ImageObject","inLanguage":"de","@id":"https:\/\/buntwerkstatt.at\/shop\/produkt\/keramik-collier-kette-meeresblau\/#primaryimage","url":"https:\/\/buntwerkstatt.at\/shop\/wp-content\/uploads\/sites\/3\/2026\/03\/halskette-keramik-collier-KCUS05_02.jpg","contentUrl":"https:\/\/buntwerkstatt.at\/shop\/wp-content\/uploads\/sites\/3\/2026\/03\/halskette-keramik-collier-KCUS05_02.jpg","width":2000,"height":1334,"caption":"Keramik Collier Kette Blau"},{"@type":"BreadcrumbList","@id":"https:\/\/buntwerkstatt.at\/shop\/produkt\/keramik-collier-kette-meeresblau\/#breadcrumb","itemListElement":[{"@type":"ListItem","position":1,"name":"Startseite","item":"https:\/\/buntwerkstatt.at\/shop\/"},{"@type":"ListItem","position":2,"name":"Shop","item":"https:\/\/buntwerkstatt.at\/shop\/"},{"@type":"ListItem","position":3,"name":"Keramik Collier Kette &#8211; Meeresblau"}]},{"@type":"WebSite","@id":"https:\/\/buntwerkstatt.at\/shop\/#website","url":"https:\/\/buntwerkstatt.at\/shop\/","name":"Buntwerkstatt Shop","description":"","publisher":{"@id":"https:\/\/buntwerkstatt.at\/shop\/#\/schema\/person\/1bf875429c57b7631a6747a7760361ad"},"potentialAction":[{"@type":"SearchAction","target":{"@type":"EntryPoint","urlTemplate":"https:\/\/buntwerkstatt.at\/shop\/?s={search_term_string}"},"query-input":{"@type":"PropertyValueSpecification","valueRequired":true,"valueName":"search_term_string"}}],"inLanguage":"de"},{"@type":["Person","Organization"],"@id":"https:\/\/buntwerkstatt.at\/shop\/#\/schema\/person\/1bf875429c57b7631a6747a7760361ad","name":"Buntwerkstatt","image":{"@type":"ImageObject","inLanguage":"de","@id":"https:\/\/buntwerkstatt.at\/shop\/wp-content\/uploads\/sites\/3\/2024\/02\/Buntwerkstatt_Shop_Icon.png","url":"https:\/\/buntwerkstatt.at\/shop\/wp-content\/uploads\/sites\/3\/2024\/02\/Buntwerkstatt_Shop_Icon.png","contentUrl":"https:\/\/buntwerkstatt.at\/shop\/wp-content\/uploads\/sites\/3\/2024\/02\/Buntwerkstatt_Shop_Icon.png","width":400,"height":395,"caption":"Buntwerkstatt"},"logo":{"@id":"https:\/\/buntwerkstatt.at\/shop\/wp-content\/uploads\/sites\/3\/2024\/02\/Buntwerkstatt_Shop_Icon.png"},"sameAs":["https:\/\/buntwerkstatt.at"]}]}},"jetpack_publicize_connections":[],"jetpack_sharing_enabled":true,"_links":{"self":[{"href":"https:\/\/buntwerkstatt.at\/shop\/wp-json\/wp\/v2\/product\/1210","targetHints":{"allow":["GET"]}}],"collection":[{"href":"https:\/\/buntwerkstatt.at\/shop\/wp-json\/wp\/v2\/product"}],"about":[{"href":"https:\/\/buntwerkstatt.at\/shop\/wp-json\/wp\/v2\/types\/product"}],"replies":[{"embeddable":true,"href":"https:\/\/buntwerkstatt.at\/shop\/wp-json\/wp\/v2\/comments?post=1210"}],"wp:featuredmedia":[{"embeddable":true,"href":"https:\/\/buntwerkstatt.at\/shop\/wp-json\/wp\/v2\/media\/1169"}],"wp:attachment":[{"href":"https:\/\/buntwerkstatt.at\/shop\/wp-json\/wp\/v2\/media?parent=1210"}],"wp:term":[{"taxonomy":"product_brand","embeddable":true,"href":"https:\/\/buntwerkstatt.at\/shop\/wp-json\/wp\/v2\/product_brand?post=1210"},{"taxonomy":"product_cat","embeddable":true,"href":"https:\/\/buntwerkstatt.at\/shop\/wp-json\/wp\/v2\/product_cat?post=1210"},{"taxonomy":"product_tag","embeddable":true,"href":"https:\/\/buntwerkstatt.at\/shop\/wp-json\/wp\/v2\/product_tag?post=1210"}],"curies":[{"name":"wp","href":"https:\/\/api.w.org\/{rel}","templated":true}]}}